{"id":5170,"date":"2026-02-13T18:57:45","date_gmt":"2026-02-13T18:57:45","guid":{"rendered":"https:\/\/siloedavid.com\/?post_type=product&#038;p=5170"},"modified":"2026-02-13T19:44:08","modified_gmt":"2026-02-13T19:44:08","slug":"arco-2-0","status":"publish","type":"product","link":"https:\/\/siloedavid.com\/en\/product\/arco-2-0\/","title":{"rendered":"Arco 2.0"},"content":{"rendered":"<h2 data-start=\"216\" data-end=\"288\">ARCO 2.0 \u2013 Biblioteca de Cordas para Performance ao Vivo (Kontakt)<\/h2>\n<p data-start=\"327\" data-end=\"517\"><strong data-start=\"330\" data-end=\"342\">ARCO 2.0<\/strong> \u00e9 uma biblioteca de cordas desenvolvida especialmente para <strong data-start=\"402\" data-end=\"436\">performance ao vivo no Kontakt<\/strong>, trazendo timbres realistas e prontos para tocar em tempo real, sem complica\u00e7\u00e3o.<\/p>\n<p data-start=\"519\" data-end=\"730\">Com articula\u00e7\u00f5es de <strong data-start=\"539\" data-end=\"561\">Staccato e Sustain<\/strong>, a ARCO 2.0 permite criar desde linhas r\u00edtmicas e marcadas at\u00e9 camadas longas e emocionais, perfeitas para worship, trilhas, pop, orquestral moderno e arranjos ao vivo.<\/p>\n<p data-start=\"732\" data-end=\"782\">Voc\u00ea pode <strong data-start=\"742\" data-end=\"781\">misturar livremente os instrumentos<\/strong>:<\/p>\n<ul data-start=\"783\" data-end=\"853\">\n<li data-start=\"783\" data-end=\"798\">\n<p data-start=\"785\" data-end=\"798\">\ud83c\udfbb Violinos<\/p>\n<\/li>\n<li data-start=\"799\" data-end=\"812\">\n<p data-start=\"801\" data-end=\"812\">\ud83c\udfbb Violas<\/p>\n<\/li>\n<li data-start=\"813\" data-end=\"826\">\n<p data-start=\"815\" data-end=\"826\">\ud83c\udfbb Cellos<\/p>\n<\/li>\n<li data-start=\"827\" data-end=\"853\">\n<p data-start=\"829\" data-end=\"853\">\ud83c\udfbb Contrabaixos (Bass)<\/p>\n<\/li>\n<\/ul>\n<p data-start=\"855\" data-end=\"1036\">Tudo em um \u00fanico patch, com <strong data-start=\"883\" data-end=\"913\">controle individual de PAN<\/strong> para posicionar cada naipe no est\u00e9reo, facilitando a cria\u00e7\u00e3o de uma imagem sonora ampla e realista no palco ou no est\u00fadio.<\/p>\n<p data-start=\"1038\" data-end=\"1186\">\ud83d\udc49 Ideal para quem precisa de <strong data-start=\"1068\" data-end=\"1107\">cordas r\u00e1pidas, leves e expressivas<\/strong> para tocar ao vivo sem depender de m\u00faltiplos instrumentos ou setups complexos.<\/p>","protected":false},"excerpt":{"rendered":"<p><strong data-start=\"330\" data-end=\"342\">ARCO 2.0<\/strong> \u00e9 uma biblioteca de cordas desenvolvida especialmente para <strong data-start=\"402\" data-end=\"436\">performance ao vivo no Kontakt<\/strong>, trazendo timbres realistas e prontos para tocar em tempo real, sem complica\u00e7\u00e3o.<\/p>","protected":false},"featured_media":3838,"comment_status":"open","ping_status":"closed","template":"","meta":[],"product_brand":[],"product_cat":[20],"product_tag":[],"class_list":{"0":"post-5170","1":"product","2":"type-product","3":"status-publish","4":"has-post-thumbnail","6":"product_cat-sem-categoria","8":"first","9":"instock","10":"sale","11":"virtual","12":"purchasable","13":"product-type-simple"},"aioseo_notices":[],"_links":{"self":[{"href":"https:\/\/siloedavid.com\/en\/wp-json\/wp\/v2\/product\/5170","targetHints":{"allow":["GET"]}}],"collection":[{"href":"https:\/\/siloedavid.com\/en\/wp-json\/wp\/v2\/product"}],"about":[{"href":"https:\/\/siloedavid.com\/en\/wp-json\/wp\/v2\/types\/product"}],"replies":[{"embeddable":true,"href":"https:\/\/siloedavid.com\/en\/wp-json\/wp\/v2\/comments?post=5170"}],"wp:featuredmedia":[{"embeddable":true,"href":"https:\/\/siloedavid.com\/en\/wp-json\/wp\/v2\/media\/3838"}],"wp:attachment":[{"href":"https:\/\/siloedavid.com\/en\/wp-json\/wp\/v2\/media?parent=5170"}],"wp:term":[{"taxonomy":"product_brand","embeddable":true,"href":"https:\/\/siloedavid.com\/en\/wp-json\/wp\/v2\/product_brand?post=5170"},{"taxonomy":"product_cat","embeddable":true,"href":"https:\/\/siloedavid.com\/en\/wp-json\/wp\/v2\/product_cat?post=5170"},{"taxonomy":"product_tag","embeddable":true,"href":"https:\/\/siloedavid.com\/en\/wp-json\/wp\/v2\/product_tag?post=5170"}],"curies":[{"name":"wp","href":"https:\/\/api.w.org\/{rel}","templated":true}]}}