{"id":5068,"date":"2026-02-09T17:46:43","date_gmt":"2026-02-09T17:46:43","guid":{"rendered":"https:\/\/siloedavid.com\/?page_id=5068"},"modified":"2026-02-10T05:53:31","modified_gmt":"2026-02-10T05:53:31","slug":"new_stage_setup","status":"publish","type":"page","link":"https:\/\/siloedavid.com\/en\/new_stage_setup\/","title":{"rendered":"New Stage Setup"},"content":{"rendered":"<div data-elementor-type=\"wp-page\" data-elementor-id=\"5068\" class=\"elementor elementor-5068\">\n\t\t\t\t<div class=\"elementor-element elementor-element-445800b4 e-flex e-con-boxed e-con e-parent\" data-id=\"445800b4\" data-element_type=\"container\" data-e-type=\"container\" data-settings=\"{&quot;background_background&quot;:&quot;classic&quot;}\">\n\t\t\t\t\t<div class=\"e-con-inner\">\n\t\t\t\t<div class=\"elementor-element elementor-element-7181294d elementor-widget elementor-widget-image\" data-id=\"7181294d\" data-element_type=\"widget\" data-e-type=\"widget\" data-widget_type=\"image.default\">\n\t\t\t\t<div class=\"elementor-widget-container\">\n\t\t\t\t\t\t\t\t\t\t\t\t\t\t\t<img decoding=\"async\" width=\"36\" height=\"36\" src=\"https:\/\/siloedavid.com\/wp-content\/uploads\/2025\/11\/ICONE5.png\" class=\"attachment-large size-large wp-image-4771\" alt=\"\" \/>\t\t\t\t\t\t\t\t\t\t\t\t\t\t\t<\/div>\n\t\t\t\t<\/div>\n\t\t\t\t<div class=\"elementor-element elementor-element-5c6e22ec elementor-widget elementor-widget-heading\" data-id=\"5c6e22ec\" data-element_type=\"widget\" data-e-type=\"widget\" data-widget_type=\"heading.default\">\n\t\t\t\t<div class=\"elementor-widget-container\">\n\t\t\t\t\t<h2 class=\"elementor-heading-title elementor-size-default\">New Stage <\/h2>\t\t\t\t<\/div>\n\t\t\t\t<\/div>\n\t\t\t\t<div class=\"elementor-element elementor-element-66cb2e elementor-widget elementor-widget-heading\" data-id=\"66cb2e\" data-element_type=\"widget\" data-e-type=\"widget\" data-widget_type=\"heading.default\">\n\t\t\t\t<div class=\"elementor-widget-container\">\n\t\t\t\t\t<h2 class=\"elementor-heading-title elementor-size-default\">Setup<\/h2>\t\t\t\t<\/div>\n\t\t\t\t<\/div>\n\t\t\t\t<div class=\"elementor-element elementor-element-6b88a82b elementor-widget elementor-widget-heading\" data-id=\"6b88a82b\" data-element_type=\"widget\" data-e-type=\"widget\" data-widget_type=\"heading.default\">\n\t\t\t\t<div class=\"elementor-widget-container\">\n\t\t\t\t\t<h1 class=\"elementor-heading-title elementor-size-default\">By downloading New Stage, you agree to the Terms of Service.<\/h1>\t\t\t\t<\/div>\n\t\t\t\t<\/div>\n\t\t\t\t\t<\/div>\n\t\t\t\t<\/div>\n\t\t<div class=\"elementor-element elementor-element-7c4f14f e-flex e-con-boxed e-con e-parent\" data-id=\"7c4f14f\" data-element_type=\"container\" data-e-type=\"container\" data-settings=\"{&quot;background_background&quot;:&quot;classic&quot;}\">\n\t\t\t\t\t<div class=\"e-con-inner\">\n\t\t<div class=\"elementor-element elementor-element-8c0d088 e-con-full e-flex e-con e-child\" data-id=\"8c0d088\" data-element_type=\"container\" data-e-type=\"container\" data-settings=\"{&quot;background_background&quot;:&quot;classic&quot;}\">\n\t\t\t\t<div class=\"elementor-element elementor-element-79b5f37 elementor-widget elementor-widget-image\" data-id=\"79b5f37\" data-element_type=\"widget\" data-e-type=\"widget\" data-widget_type=\"image.default\">\n\t\t\t\t<div class=\"elementor-widget-container\">\n\t\t\t\t\t\t\t\t\t\t\t\t\t\t\t<img fetchpriority=\"high\" decoding=\"async\" width=\"1012\" height=\"520\" src=\"https:\/\/siloedavid.com\/wp-content\/uploads\/2026\/02\/Captura-de-Tela-2026-02-09-as-14.36.24.png\" class=\"attachment-full size-full wp-image-5071\" alt=\"\" srcset=\"https:\/\/siloedavid.com\/wp-content\/uploads\/2026\/02\/Captura-de-Tela-2026-02-09-as-14.36.24.png 1012w, https:\/\/siloedavid.com\/wp-content\/uploads\/2026\/02\/Captura-de-Tela-2026-02-09-as-14.36.24-300x154.png 300w, https:\/\/siloedavid.com\/wp-content\/uploads\/2026\/02\/Captura-de-Tela-2026-02-09-as-14.36.24-768x395.png 768w, https:\/\/siloedavid.com\/wp-content\/uploads\/2026\/02\/Captura-de-Tela-2026-02-09-as-14.36.24-600x308.png 600w\" sizes=\"(max-width: 1012px) 100vw, 1012px\" \/>\t\t\t\t\t\t\t\t\t\t\t\t\t\t\t<\/div>\n\t\t\t\t<\/div>\n\t\t\t\t<\/div>\n\t\t<div class=\"elementor-element elementor-element-4b2841b e-con-full e-flex elementor-invisible e-con e-child\" data-id=\"4b2841b\" data-element_type=\"container\" data-e-type=\"container\" data-settings=\"{&quot;animation&quot;:&quot;fadeInRight&quot;}\">\n\t\t\t\t<div class=\"elementor-element elementor-element-d4a91ee elementor-widget-divider--view-line elementor-widget elementor-widget-divider\" data-id=\"d4a91ee\" data-element_type=\"widget\" data-e-type=\"widget\" data-widget_type=\"divider.default\">\n\t\t\t\t<div class=\"elementor-widget-container\">\n\t\t\t\t\t\t\t<div class=\"elementor-divider\">\n\t\t\t<span class=\"elementor-divider-separator\">\n\t\t\t\t\t\t<\/span>\n\t\t<\/div>\n\t\t\t\t\t\t<\/div>\n\t\t\t\t<\/div>\n\t\t\t\t<div class=\"elementor-element elementor-element-b26e9c4 elementor-widget elementor-widget-heading\" data-id=\"b26e9c4\" data-element_type=\"widget\" data-e-type=\"widget\" data-widget_type=\"heading.default\">\n\t\t\t\t<div class=\"elementor-widget-container\">\n\t\t\t\t\t<h2 class=\"elementor-heading-title elementor-size-default\">New Stage Pro<\/h2>\t\t\t\t<\/div>\n\t\t\t\t<\/div>\n\t\t\t\t<div class=\"elementor-element elementor-element-6f0e3df elementor-widget elementor-widget-heading\" data-id=\"6f0e3df\" data-element_type=\"widget\" data-e-type=\"widget\" data-widget_type=\"heading.default\">\n\t\t\t\t<div class=\"elementor-widget-container\">\n\t\t\t\t\t<h1 class=\"elementor-heading-title elementor-size-default\">New Stage Pro is a premium Kontakt library featuring exclusive new pianos and a full Organ module with drawbars, along with pads and synths for modern layering. Ideal for stage, studio, and worship, it delivers rich tones, realistic dynamics, and fast controls for live performance.<\/h1>\t\t\t\t<\/div>\n\t\t\t\t<\/div>\n\t\t\t\t<div class=\"elementor-element elementor-element-53a919c elementor-widget-divider--view-line elementor-widget elementor-widget-divider\" data-id=\"53a919c\" data-element_type=\"widget\" data-e-type=\"widget\" data-widget_type=\"divider.default\">\n\t\t\t\t<div class=\"elementor-widget-container\">\n\t\t\t\t\t\t\t<div class=\"elementor-divider\">\n\t\t\t<span class=\"elementor-divider-separator\">\n\t\t\t\t\t\t<\/span>\n\t\t<\/div>\n\t\t\t\t\t\t<\/div>\n\t\t\t\t<\/div>\n\t\t\t\t<div class=\"elementor-element elementor-element-b62626d elementor-align-center elementor-widget elementor-widget-button\" data-id=\"b62626d\" data-element_type=\"widget\" data-e-type=\"widget\" data-widget_type=\"button.default\">\n\t\t\t\t<div class=\"elementor-widget-container\">\n\t\t\t\t\t\t\t\t\t<div class=\"elementor-button-wrapper\">\n\t\t\t\t\t<a class=\"elementor-button elementor-button-link elementor-size-sm elementor-animation-bounce-out\" href=\"https:\/\/siloedavid.com\/en\/new-stage-pro\/\">\n\t\t\t\t\t\t<span class=\"elementor-button-content-wrapper\">\n\t\t\t\t\t\t<span class=\"elementor-button-icon\">\n\t\t\t\t<i aria-hidden=\"true\" class=\"fas fa-download\"><\/i>\t\t\t<\/span>\n\t\t\t\t\t\t\t\t\t<span class=\"elementor-button-text\">Setup<\/span>\n\t\t\t\t\t<\/span>\n\t\t\t\t\t<\/a>\n\t\t\t\t<\/div>\n\t\t\t\t\t\t\t\t<\/div>\n\t\t\t\t<\/div>\n\t\t\t\t<\/div>\n\t\t\t\t\t<\/div>\n\t\t\t\t<\/div>\n\t\t<div class=\"elementor-element elementor-element-865ed49 e-flex e-con-boxed e-con e-parent\" data-id=\"865ed49\" data-element_type=\"container\" data-e-type=\"container\" data-settings=\"{&quot;background_background&quot;:&quot;classic&quot;}\">\n\t\t\t\t\t<div class=\"e-con-inner\">\n\t\t<div class=\"elementor-element elementor-element-3f3b576 e-con-full e-flex e-con e-child\" data-id=\"3f3b576\" data-element_type=\"container\" data-e-type=\"container\" data-settings=\"{&quot;background_background&quot;:&quot;classic&quot;}\">\n\t\t\t\t<div class=\"elementor-element elementor-element-a938121 elementor-widget elementor-widget-image\" data-id=\"a938121\" data-element_type=\"widget\" data-e-type=\"widget\" data-widget_type=\"image.default\">\n\t\t\t\t<div class=\"elementor-widget-container\">\n\t\t\t\t\t\t\t\t\t\t\t\t\t\t\t<img decoding=\"async\" width=\"1012\" height=\"520\" src=\"https:\/\/siloedavid.com\/wp-content\/uploads\/2026\/02\/NEW-STAGE-IV-908978.png\" class=\"attachment-full size-full wp-image-5082\" alt=\"\" srcset=\"https:\/\/siloedavid.com\/wp-content\/uploads\/2026\/02\/NEW-STAGE-IV-908978.png 1012w, https:\/\/siloedavid.com\/wp-content\/uploads\/2026\/02\/NEW-STAGE-IV-908978-300x154.png 300w, https:\/\/siloedavid.com\/wp-content\/uploads\/2026\/02\/NEW-STAGE-IV-908978-768x395.png 768w, https:\/\/siloedavid.com\/wp-content\/uploads\/2026\/02\/NEW-STAGE-IV-908978-600x308.png 600w\" sizes=\"(max-width: 1012px) 100vw, 1012px\" \/>\t\t\t\t\t\t\t\t\t\t\t\t\t\t\t<\/div>\n\t\t\t\t<\/div>\n\t\t\t\t<\/div>\n\t\t<div class=\"elementor-element elementor-element-479cdf9 e-con-full e-flex elementor-invisible e-con e-child\" data-id=\"479cdf9\" data-element_type=\"container\" data-e-type=\"container\" data-settings=\"{&quot;animation&quot;:&quot;fadeInRight&quot;}\">\n\t\t\t\t<div class=\"elementor-element elementor-element-17cb9df elementor-widget-divider--view-line elementor-widget elementor-widget-divider\" data-id=\"17cb9df\" data-element_type=\"widget\" data-e-type=\"widget\" data-widget_type=\"divider.default\">\n\t\t\t\t<div class=\"elementor-widget-container\">\n\t\t\t\t\t\t\t<div class=\"elementor-divider\">\n\t\t\t<span class=\"elementor-divider-separator\">\n\t\t\t\t\t\t<\/span>\n\t\t<\/div>\n\t\t\t\t\t\t<\/div>\n\t\t\t\t<\/div>\n\t\t\t\t<div class=\"elementor-element elementor-element-38d0a1c elementor-widget elementor-widget-heading\" data-id=\"38d0a1c\" data-element_type=\"widget\" data-e-type=\"widget\" data-widget_type=\"heading.default\">\n\t\t\t\t<div class=\"elementor-widget-container\">\n\t\t\t\t\t<h2 class=\"elementor-heading-title elementor-size-default\">New Stage IV<\/h2>\t\t\t\t<\/div>\n\t\t\t\t<\/div>\n\t\t\t\t<div class=\"elementor-element elementor-element-3474240 elementor-widget-divider--view-line elementor-widget elementor-widget-divider\" data-id=\"3474240\" data-element_type=\"widget\" data-e-type=\"widget\" data-widget_type=\"divider.default\">\n\t\t\t\t<div class=\"elementor-widget-container\">\n\t\t\t\t\t\t\t<div class=\"elementor-divider\">\n\t\t\t<span class=\"elementor-divider-separator\">\n\t\t\t\t\t\t<\/span>\n\t\t<\/div>\n\t\t\t\t\t\t<\/div>\n\t\t\t\t<\/div>\n\t\t\t\t<div class=\"elementor-element elementor-element-bd407c7 elementor-widget elementor-widget-heading\" data-id=\"bd407c7\" data-element_type=\"widget\" data-e-type=\"widget\" data-widget_type=\"heading.default\">\n\t\t\t\t<div class=\"elementor-widget-container\">\n\t\t\t\t\t<h1 class=\"elementor-heading-title elementor-size-default\">New Stage IV is a premium Kontakt library for Kontakt focused on realistic pianos, with pads and synths for modern layering. Designed for those seeking Nord-inspired tones, it offers natural dynamics, rich sound, and simple controls for stage and studio.<\/h1>\t\t\t\t<\/div>\n\t\t\t\t<\/div>\n\t\t\t\t<div class=\"elementor-element elementor-element-d934dfe elementor-align-center elementor-widget elementor-widget-button\" data-id=\"d934dfe\" data-element_type=\"widget\" data-e-type=\"widget\" data-widget_type=\"button.default\">\n\t\t\t\t<div class=\"elementor-widget-container\">\n\t\t\t\t\t\t\t\t\t<div class=\"elementor-button-wrapper\">\n\t\t\t\t\t<a class=\"elementor-button elementor-button-link elementor-size-sm elementor-animation-bounce-out\" href=\"https:\/\/siloedavid.com\/en\/new-stage-iv-1-0-3-setup\/\">\n\t\t\t\t\t\t<span class=\"elementor-button-content-wrapper\">\n\t\t\t\t\t\t<span class=\"elementor-button-icon\">\n\t\t\t\t<i aria-hidden=\"true\" class=\"fas fa-download\"><\/i>\t\t\t<\/span>\n\t\t\t\t\t\t\t\t\t<span class=\"elementor-button-text\">Setup<\/span>\n\t\t\t\t\t<\/span>\n\t\t\t\t\t<\/a>\n\t\t\t\t<\/div>\n\t\t\t\t\t\t\t\t<\/div>\n\t\t\t\t<\/div>\n\t\t\t\t<\/div>\n\t\t\t\t\t<\/div>\n\t\t\t\t<\/div>\n\t\t\t\t<\/div>","protected":false},"excerpt":{"rendered":"<p>New Stage Setup Ao baixar a New Stage, voc\u00ea concorda com os Termos de Servi\u00e7o. New Stage Pro New Stage Pro \u00e9 uma biblioteca premium para Kontakt que traz novos pianos exclusivos e um m\u00f3dulo completo de Organ com drawbars, al\u00e9m de pads e synths para camadas modernas. Ideal para palco, est\u00fadio e worship, com [&hellip;]<\/p>\n","protected":false},"author":1,"featured_media":0,"parent":0,"menu_order":0,"comment_status":"closed","ping_status":"closed","template":"elementor_header_footer","meta":{"footnotes":""},"class_list":["post-5068","page","type-page","status-publish","hentry"],"aioseo_notices":[],"_links":{"self":[{"href":"https:\/\/siloedavid.com\/en\/wp-json\/wp\/v2\/pages\/5068","targetHints":{"allow":["GET"]}}],"collection":[{"href":"https:\/\/siloedavid.com\/en\/wp-json\/wp\/v2\/pages"}],"about":[{"href":"https:\/\/siloedavid.com\/en\/wp-json\/wp\/v2\/types\/page"}],"author":[{"embeddable":true,"href":"https:\/\/siloedavid.com\/en\/wp-json\/wp\/v2\/users\/1"}],"replies":[{"embeddable":true,"href":"https:\/\/siloedavid.com\/en\/wp-json\/wp\/v2\/comments?post=5068"}],"version-history":[{"count":26,"href":"https:\/\/siloedavid.com\/en\/wp-json\/wp\/v2\/pages\/5068\/revisions"}],"predecessor-version":[{"id":5114,"href":"https:\/\/siloedavid.com\/en\/wp-json\/wp\/v2\/pages\/5068\/revisions\/5114"}],"wp:attachment":[{"href":"https:\/\/siloedavid.com\/en\/wp-json\/wp\/v2\/media?parent=5068"}],"curies":[{"name":"wp","href":"https:\/\/api.w.org\/{rel}","templated":true}]}}