{"id":4379,"date":"2025-08-22T18:03:37","date_gmt":"2025-08-22T18:03:37","guid":{"rendered":"https:\/\/siloedavid.com\/?page_id=4379"},"modified":"2025-10-13T18:18:33","modified_gmt":"2025-10-13T18:18:33","slug":"suporte","status":"publish","type":"page","link":"https:\/\/siloedavid.com\/en\/suporte\/","title":{"rendered":"Support"},"content":{"rendered":"<div data-elementor-type=\"wp-page\" data-elementor-id=\"4379\" class=\"elementor elementor-4379\">\n\t\t\t\t<div class=\"elementor-element elementor-element-973c461 e-flex e-con-boxed e-con e-parent\" data-id=\"973c461\" data-element_type=\"container\" data-e-type=\"container\" data-settings=\"{&quot;background_background&quot;:&quot;classic&quot;}\">\n\t\t\t\t\t<div class=\"e-con-inner\">\n\t\t\t\t<div class=\"elementor-element elementor-element-71abd52 elementor-widget__width-inherit elementor-widget elementor-widget-heading\" data-id=\"71abd52\" data-element_type=\"widget\" data-e-type=\"widget\" data-widget_type=\"heading.default\">\n\t\t\t\t<div class=\"elementor-widget-container\">\n\t\t\t\t\t<h1 class=\"elementor-heading-title elementor-size-default\">Welcome to Support<\/h1>\t\t\t\t<\/div>\n\t\t\t\t<\/div>\n\t\t<div class=\"elementor-element elementor-element-67bac70 e-con-full e-flex e-con e-child\" data-id=\"67bac70\" data-element_type=\"container\" data-e-type=\"container\" data-settings=\"{&quot;background_background&quot;:&quot;classic&quot;}\">\n\t\t\t\t<div class=\"elementor-element elementor-element-124ddc0 elementor-widget elementor-widget-heading\" data-id=\"124ddc0\" data-element_type=\"widget\" data-e-type=\"widget\" data-widget_type=\"heading.default\">\n\t\t\t\t<div class=\"elementor-widget-container\">\n\t\t\t\t\t<h2 class=\"elementor-heading-title elementor-size-default\">Need Help?<\/h2>\t\t\t\t<\/div>\n\t\t\t\t<\/div>\n\t\t\t\t<div class=\"elementor-element elementor-element-2f97a41 elementor-widget elementor-widget-button\" data-id=\"2f97a41\" data-element_type=\"widget\" data-e-type=\"widget\" data-widget_type=\"button.default\">\n\t\t\t\t<div class=\"elementor-widget-container\">\n\t\t\t\t\t\t\t\t\t<div class=\"elementor-button-wrapper\">\n\t\t\t\t\t<a class=\"elementor-button elementor-button-link elementor-size-sm\" href=\"https:\/\/wa.me\/5579991394112?text=Ol%C3%A1!%20%F0%9F%91%8B%20Preciso%20de%20ajuda%20com%20o%20suporte%20e%20gostaria%20de%20conversar%20com%20voc%C3%AA.\">\n\t\t\t\t\t\t<span class=\"elementor-button-content-wrapper\">\n\t\t\t\t\t\t<span class=\"elementor-button-icon\">\n\t\t\t\t<i aria-hidden=\"true\" class=\"fab fa-whatsapp\"><\/i>\t\t\t<\/span>\n\t\t\t\t\t\t\t\t\t<span class=\"elementor-button-text\">WhatsApp Support<\/span>\n\t\t\t\t\t<\/span>\n\t\t\t\t\t<\/a>\n\t\t\t\t<\/div>\n\t\t\t\t\t\t\t\t<\/div>\n\t\t\t\t<\/div>\n\t\t\t\t<div class=\"elementor-element elementor-element-dde2a77 elementor-align-center elementor-icon-list--layout-traditional elementor-list-item-link-full_width elementor-widget elementor-widget-icon-list\" data-id=\"dde2a77\" data-element_type=\"widget\" data-e-type=\"widget\" data-widget_type=\"icon-list.default\">\n\t\t\t\t<div class=\"elementor-widget-container\">\n\t\t\t\t\t\t\t<ul class=\"elementor-icon-list-items\">\n\t\t\t\t\t\t\t<li class=\"elementor-icon-list-item\">\n\t\t\t\t\t\t\t\t\t\t<span class=\"elementor-icon-list-text\">We\u2019re Here to Help<\/span>\n\t\t\t\t\t\t\t\t\t<\/li>\n\t\t\t\t\t\t<\/ul>\n\t\t\t\t\t\t<\/div>\n\t\t\t\t<\/div>\n\t\t\t\t<\/div>\n\t\t\t\t\t<\/div>\n\t\t\t\t<\/div>\n\t\t<div class=\"elementor-element elementor-element-25cb670 e-flex e-con-boxed e-con e-parent\" data-id=\"25cb670\" data-element_type=\"container\" data-e-type=\"container\" data-settings=\"{&quot;background_background&quot;:&quot;classic&quot;}\">\n\t\t\t\t\t<div class=\"e-con-inner\">\n\t\t\t\t<div class=\"elementor-element elementor-element-e852c55 elementor-widget__width-inherit elementor-widget elementor-widget-heading\" data-id=\"e852c55\" data-element_type=\"widget\" data-e-type=\"widget\" data-widget_type=\"heading.default\">\n\t\t\t\t<div class=\"elementor-widget-container\">\n\t\t\t\t\t<h1 class=\"elementor-heading-title elementor-size-default\">Most Popular Topics<\/h1>\t\t\t\t<\/div>\n\t\t\t\t<\/div>\n\t\t<div class=\"elementor-element elementor-element-ce3cd64 e-con-full e-flex e-con e-child\" data-id=\"ce3cd64\" data-element_type=\"container\" data-e-type=\"container\" data-settings=\"{&quot;background_background&quot;:&quot;classic&quot;}\">\n\t\t\t\t<div class=\"elementor-element elementor-element-6a736c8 elementor-widget elementor-widget-heading\" data-id=\"6a736c8\" data-element_type=\"widget\" data-e-type=\"widget\" data-widget_type=\"heading.default\">\n\t\t\t\t<div class=\"elementor-widget-container\">\n\t\t\t\t\t<h2 class=\"elementor-heading-title elementor-size-default\">Questions<\/h2>\t\t\t\t<\/div>\n\t\t\t\t<\/div>\n\t\t\t\t<div class=\"elementor-element elementor-element-f6af72a elementor-align-center elementor-icon-list--layout-traditional elementor-list-item-link-full_width elementor-widget elementor-widget-icon-list\" data-id=\"f6af72a\" data-element_type=\"widget\" data-e-type=\"widget\" data-widget_type=\"icon-list.default\">\n\t\t\t\t<div class=\"elementor-widget-container\">\n\t\t\t\t\t\t\t<ul class=\"elementor-icon-list-items\">\n\t\t\t\t\t\t\t<li class=\"elementor-icon-list-item\">\n\t\t\t\t\t\t\t\t\t\t\t<a href=\"https:\/\/wa.me\/5579991394112?text=Ol%C3%A1!%20%F0%9F%91%8B%20Gostaria%20de%20tirar%20algumas%20d%C3%BAvidas%20sobre%20a%20assinatura%20mensal.\">\n\n\t\t\t\t\t\t\t\t\t\t\t<span class=\"elementor-icon-list-text\">Subscription Questions<\/span>\n\t\t\t\t\t\t\t\t\t\t\t<\/a>\n\t\t\t\t\t\t\t\t\t<\/li>\n\t\t\t\t\t\t\t\t<li class=\"elementor-icon-list-item\">\n\t\t\t\t\t\t\t\t\t\t\t<a href=\"https:\/\/wa.me\/5579991394112?text=Ol%C3%A1!%20%F0%9F%91%8B%20Tenho%20d%C3%BAvidas%20sobre%20as%20atualiza%C3%A7%C3%B5es%20e%20como%20receb%C3%AA-las.\">\n\n\t\t\t\t\t\t\t\t\t\t\t<span class=\"elementor-icon-list-text\">Update Questions<\/span>\n\t\t\t\t\t\t\t\t\t\t\t<\/a>\n\t\t\t\t\t\t\t\t\t<\/li>\n\t\t\t\t\t\t\t\t<li class=\"elementor-icon-list-item\">\n\t\t\t\t\t\t\t\t\t\t\t<a href=\"https:\/\/wa.me\/5579991394112?text=Ol%C3%A1!%20%F0%9F%91%8B%20Tenho%20d%C3%BAvidas%20sobre%20a%20instala%C3%A7%C3%A3o%20e%20gostaria%20de%20ajuda.\">\n\n\t\t\t\t\t\t\t\t\t\t\t<span class=\"elementor-icon-list-text\">Installation Questions<\/span>\n\t\t\t\t\t\t\t\t\t\t\t<\/a>\n\t\t\t\t\t\t\t\t\t<\/li>\n\t\t\t\t\t\t\t\t<li class=\"elementor-icon-list-item\">\n\t\t\t\t\t\t\t\t\t\t\t<a href=\"https:\/\/wa.me\/5579991394112?text=Ol%C3%A1!%20%F0%9F%91%8B%20Tenho%20algumas%20d%C3%BAvidas%20sobre%20formas%20de%20pagamento%20e%20preciso%20de%20orienta%C3%A7%C3%A3o.\">\n\n\t\t\t\t\t\t\t\t\t\t\t<span class=\"elementor-icon-list-text\">Payment Questions<\/span>\n\t\t\t\t\t\t\t\t\t\t\t<\/a>\n\t\t\t\t\t\t\t\t\t<\/li>\n\t\t\t\t\t\t<\/ul>\n\t\t\t\t\t\t<\/div>\n\t\t\t\t<\/div>\n\t\t\t\t<\/div>\n\t\t<div class=\"elementor-element elementor-element-2548c56 e-con-full e-flex e-con e-child\" data-id=\"2548c56\" data-element_type=\"container\" data-e-type=\"container\" data-settings=\"{&quot;background_background&quot;:&quot;classic&quot;}\">\n\t\t\t\t<div class=\"elementor-element elementor-element-ef1a86e elementor-widget elementor-widget-heading\" data-id=\"ef1a86e\" data-element_type=\"widget\" data-e-type=\"widget\" data-widget_type=\"heading.default\">\n\t\t\t\t<div class=\"elementor-widget-container\">\n\t\t\t\t\t<h2 class=\"elementor-heading-title elementor-size-default\">Suggestions and Feedback<\/h2>\t\t\t\t<\/div>\n\t\t\t\t<\/div>\n\t\t\t\t<div class=\"elementor-element elementor-element-a52b32d elementor-align-center elementor-icon-list--layout-traditional elementor-list-item-link-full_width elementor-widget elementor-widget-icon-list\" data-id=\"a52b32d\" data-element_type=\"widget\" data-e-type=\"widget\" data-widget_type=\"icon-list.default\">\n\t\t\t\t<div class=\"elementor-widget-container\">\n\t\t\t\t\t\t\t<ul class=\"elementor-icon-list-items\">\n\t\t\t\t\t\t\t<li class=\"elementor-icon-list-item\">\n\t\t\t\t\t\t\t\t\t\t\t<a href=\"https:\/\/wa.me\/5579991394112?text=Ol%C3%A1!%20%F0%9F%91%8B%20Quero%20enviar%20uma%20sugest%C3%A3o%20para%20melhorar%20o%20servi%C3%A7o.\">\n\n\t\t\t\t\t\t\t\t\t\t\t<span class=\"elementor-icon-list-text\">Send Suggestion<\/span>\n\t\t\t\t\t\t\t\t\t\t\t<\/a>\n\t\t\t\t\t\t\t\t\t<\/li>\n\t\t\t\t\t\t\t\t<li class=\"elementor-icon-list-item\">\n\t\t\t\t\t\t\t\t\t\t\t<a href=\"https:\/\/wa.me\/5579991394112?text=Ol%C3%A1!%20%F0%9F%91%8B%20Gostaria%20de%20enviar%20um%20feedback%20sobre%20minha%20experi%C3%AAncia.\">\n\n\t\t\t\t\t\t\t\t\t\t\t<span class=\"elementor-icon-list-text\">Send Feedback<\/span>\n\t\t\t\t\t\t\t\t\t\t\t<\/a>\n\t\t\t\t\t\t\t\t\t<\/li>\n\t\t\t\t\t\t\t\t<li class=\"elementor-icon-list-item\">\n\t\t\t\t\t\t\t\t\t\t\t<a href=\"https:\/\/wa.me\/5579991394112?text=Ol%C3%A1!%20%F0%9F%91%8B%20Quero%20relatar%20um%20problema%20que%20encontrei%20para%20ajudar%20na%20melhoria%20do%20servi%C3%A7o.\">\n\n\t\t\t\t\t\t\t\t\t\t\t<span class=\"elementor-icon-list-text\">Report a General Problem<\/span>\n\t\t\t\t\t\t\t\t\t\t\t<\/a>\n\t\t\t\t\t\t\t\t\t<\/li>\n\t\t\t\t\t\t\t\t<li class=\"elementor-icon-list-item\">\n\t\t\t\t\t\t\t\t\t\t\t<a href=\"https:\/\/wa.me\/5579991394112?text=Ol%C3%A1!%20%F0%9F%91%8B%20Gostaria%20de%20conversar%20sobre%20uma%20poss%C3%ADvel%20parceria%20ou%20colabora%C3%A7%C3%A3o.\">\n\n\t\t\t\t\t\t\t\t\t\t\t<span class=\"elementor-icon-list-text\">Partnerships and Collaborations<\/span>\n\t\t\t\t\t\t\t\t\t\t\t<\/a>\n\t\t\t\t\t\t\t\t\t<\/li>\n\t\t\t\t\t\t<\/ul>\n\t\t\t\t\t\t<\/div>\n\t\t\t\t<\/div>\n\t\t\t\t<\/div>\n\t\t\t\t\t<\/div>\n\t\t\t\t<\/div>\n\t\t\t\t<\/div>","protected":false},"excerpt":{"rendered":"<p>Bem-vindo ao Suporte Precisa de Ajuda? Suporte WhatsApp Estamos Aqui para Ajudar T\u00f3picos mais populares D\u00favidas D\u00favidas sobre Assinatura D\u00favidas sobre Atualiza\u00e7\u00f5es D\u00favidas sobre Instala\u00e7\u00e3o D\u00favidas sobre Pagamento Sugest\u00f5es e Feedback Enviar Sugest\u00e3o Enviar Feedback Reportar um Problema Geral Parcerias e Colabora\u00e7\u00f5es<\/p>","protected":false},"author":1,"featured_media":0,"parent":0,"menu_order":0,"comment_status":"closed","ping_status":"closed","template":"elementor_header_footer","meta":{"footnotes":""},"class_list":["post-4379","page","type-page","status-publish","hentry"],"aioseo_notices":[],"_links":{"self":[{"href":"https:\/\/siloedavid.com\/en\/wp-json\/wp\/v2\/pages\/4379","targetHints":{"allow":["GET"]}}],"collection":[{"href":"https:\/\/siloedavid.com\/en\/wp-json\/wp\/v2\/pages"}],"about":[{"href":"https:\/\/siloedavid.com\/en\/wp-json\/wp\/v2\/types\/page"}],"author":[{"embeddable":true,"href":"https:\/\/siloedavid.com\/en\/wp-json\/wp\/v2\/users\/1"}],"replies":[{"embeddable":true,"href":"https:\/\/siloedavid.com\/en\/wp-json\/wp\/v2\/comments?post=4379"}],"version-history":[{"count":25,"href":"https:\/\/siloedavid.com\/en\/wp-json\/wp\/v2\/pages\/4379\/revisions"}],"predecessor-version":[{"id":4601,"href":"https:\/\/siloedavid.com\/en\/wp-json\/wp\/v2\/pages\/4379\/revisions\/4601"}],"wp:attachment":[{"href":"https:\/\/siloedavid.com\/en\/wp-json\/wp\/v2\/media?parent=4379"}],"curies":[{"name":"wp","href":"https:\/\/api.w.org\/{rel}","templated":true}]}}