{"id":4289,"date":"2025-08-19T14:03:26","date_gmt":"2025-08-19T14:03:26","guid":{"rendered":"https:\/\/siloedavid.com\/minha-conta\/"},"modified":"2025-08-27T14:41:46","modified_gmt":"2025-08-27T14:41:46","slug":"minha-conta","status":"publish","type":"page","link":"https:\/\/siloedavid.com\/en\/minha-conta\/","title":{"rendered":"My Account"},"content":{"rendered":"\t\t<div data-elementor-type=\"wp-page\" data-elementor-id=\"4289\" class=\"elementor elementor-4289\">\n\t\t\t\t<div class=\"elementor-element elementor-element-cad487f e-flex e-con-boxed e-con e-parent\" data-id=\"cad487f\" data-element_type=\"container\" data-e-type=\"container\">\n\t\t\t\t\t<div class=\"e-con-inner\">\n\t\t\t\t<div class=\"elementor-element elementor-element-3fe3d9d e-my-account-tabs-vertical elementor-widget elementor-widget-woocommerce-my-account\" data-id=\"3fe3d9d\" data-element_type=\"widget\" data-e-type=\"widget\" data-widget_type=\"woocommerce-my-account.default\">\n\t\t\t\t<div class=\"elementor-widget-container\">\n\t\t\t\t\t<div class=\"e-my-account-tab e-my-account-tab__ \">\t\t\t<span class=\"elementor-hidden\">[woocommerce_my_account]<\/span>\n\t\t\t<div class=\"woocommerce\"><\/div>\t\t<\/div>\n\t\t\t\t\t\t<\/div>\n\t\t\t\t<\/div>\n\t\t\t\t\t<\/div>\n\t\t\t\t<\/div>\n\t\t\t\t<\/div>\n\t\t","protected":false},"excerpt":{"rendered":"<p>\u00c1rea do cliente Painel Pedidos Downloads Endere\u00e7os M\u00e9todos de pagamento Detalhes da conta Sair Ol\u00e1, siloedavid3@gmail.com (n\u00e3o \u00e9 siloedavid3@gmail.com? Sair) A partir do painel de controle de sua conta, voc\u00ea pode ver suas compras recentes, gerenciar seus endere\u00e7os de entrega e cobran\u00e7a, e editar sua senha e detalhes da conta.<\/p>","protected":false},"author":1,"featured_media":0,"parent":0,"menu_order":0,"comment_status":"closed","ping_status":"closed","template":"elementor_header_footer","meta":{"footnotes":""},"class_list":["post-4289","page","type-page","status-publish","hentry"],"aioseo_notices":[],"_links":{"self":[{"href":"https:\/\/siloedavid.com\/en\/wp-json\/wp\/v2\/pages\/4289","targetHints":{"allow":["GET"]}}],"collection":[{"href":"https:\/\/siloedavid.com\/en\/wp-json\/wp\/v2\/pages"}],"about":[{"href":"https:\/\/siloedavid.com\/en\/wp-json\/wp\/v2\/types\/page"}],"author":[{"embeddable":true,"href":"https:\/\/siloedavid.com\/en\/wp-json\/wp\/v2\/users\/1"}],"replies":[{"embeddable":true,"href":"https:\/\/siloedavid.com\/en\/wp-json\/wp\/v2\/comments?post=4289"}],"version-history":[{"count":6,"href":"https:\/\/siloedavid.com\/en\/wp-json\/wp\/v2\/pages\/4289\/revisions"}],"predecessor-version":[{"id":4531,"href":"https:\/\/siloedavid.com\/en\/wp-json\/wp\/v2\/pages\/4289\/revisions\/4531"}],"wp:attachment":[{"href":"https:\/\/siloedavid.com\/en\/wp-json\/wp\/v2\/media?parent=4289"}],"curies":[{"name":"wp","href":"https:\/\/api.w.org\/{rel}","templated":true}]}}